{"id":9371,"date":"2025-09-29T13:44:24","date_gmt":"2025-09-29T11:44:24","guid":{"rendered":"https:\/\/lakal-www.hgcloud.de\/hinweisgebersystem\/"},"modified":"2025-10-15T09:54:50","modified_gmt":"2025-10-15T07:54:50","slug":"conformite","status":"publish","type":"page","link":"https:\/\/www.lakal.de\/fr\/conformite\/","title":{"rendered":"Conformit\u00e9"},"content":{"rendered":"\n<div style=\"height:100px;--height-desktop:180px;--height-tablet:180px;--height-mobile:100px\" aria-hidden=\"true\" class=\"wp-block-spacer\"><\/div>\n<h1 class=\"h1\"><strong>Conformit\u00e9<\/strong><\/h1>\n<p>Gr\u00e2ce \u00e0 son syst\u00e8me d&rsquo;alerte s\u00e9curis\u00e9, LAKAL GmbH offre la possibilit\u00e9 de signaler des violations du droit, de la loi, des directives internes et d&rsquo;autres r\u00e8glements de LAKAL GmbH (par exemple des d\u00e9lits ou des violations de la protection des donn\u00e9es) sous la protection stricte de l&rsquo;identit\u00e9.<\/p>\n<p>La criminalit\u00e9 \u00e9conomique et d&rsquo;autres pratiques commerciales ill\u00e9gales sont tr\u00e8s dommageables pour LAKAL GmbH. Votre signalement peut nous aider \u00e0 d\u00e9tecter et \u00e0 emp\u00eacher les comportements r\u00e9pr\u00e9hensibles \u00e0 un stade pr\u00e9coce et \u00e0 \u00e9viter ainsi tout dommage \u00e0 Lakal GmbH et \u00e0 ses employ\u00e9s. <\/p>\n<p>Notre syst\u00e8me interne d&rsquo;alerte vous prot\u00e8ge lors de la transmission d&rsquo;informations. Votre identit\u00e9 est prot\u00e9g\u00e9e par la proc\u00e9dure sp\u00e9ciale de la plateforme des informateurs. Les informations re\u00e7ues sont prises en charge par un organisme externe ind\u00e9pendant et trait\u00e9es dans le plus strict respect de la confidentialit\u00e9, de sorte que vous n&rsquo;ayez pas \u00e0 craindre de cons\u00e9quences n\u00e9gatives sur votre lieu de travail.  <\/p>\n<p>Les signalements doivent \u00eatre faits en toute bonne foi, la protection de votre identit\u00e9 ne s&rsquo;\u00e9tendant que dans la mesure o\u00f9 vous n&rsquo;enfreignez pas vous-m\u00eame la loi. Ne signalez donc des irr\u00e9gularit\u00e9s que si vous avez connaissance ou si vous avez de bonnes raisons de soup\u00e7onner l&rsquo;existence de violations. Si les signalements sont faits \u00e0 la l\u00e9g\u00e8re ou en toute connaissance de cause, ou si des reproches ou des accusations injustifi\u00e9s sont formul\u00e9s, le lanceur d&rsquo;alerte doit lui-m\u00eame faire face aux cons\u00e9quences correspondantes.  <\/p>\n<p>Nous encourageons nos collaborateurs qui ont connaissance de risques de conformit\u00e9 et de violations \u00e0 s&rsquo;adresser en toute confiance \u00e0 leur sup\u00e9rieur hi\u00e9rarchique ou \u00e0 notre service de signalement mis en place. De cette mani\u00e8re, nous avons la possibilit\u00e9 de r\u00e9soudre les probl\u00e8mes de mani\u00e8re durable et rapide. <\/p>\n<p>Vos informations seront re\u00e7ues et trait\u00e9es par des personnes ind\u00e9pendantes et tenues au secret professionnel, qui prendront ensuite les mesures de suivi appropri\u00e9es.<\/p>\n<p><strong><a href=\"https:\/\/lakal.wst-whistleblowing.de\/\">https:\/\/lakal.wst-whistleblowing.de\/<\/a><\/strong><\/p>\n\n<div style=\"height:100px;--height-desktop:180px;--height-tablet:180px;--height-mobile:100px\" aria-hidden=\"true\" class=\"wp-block-spacer\"><\/div>\n","protected":false},"excerpt":{"rendered":"<p>Conformit\u00e9 Gr\u00e2ce \u00e0 son syst\u00e8me d&rsquo;alerte s\u00e9curis\u00e9, LAKAL GmbH offre la possibilit\u00e9 de signaler des violations du droit, de la loi, des directives internes et d&rsquo;autres r\u00e8glements de LAKAL GmbH (par exemple des d\u00e9lits ou des violations de la protection des donn\u00e9es) sous la protection stricte de l&rsquo;identit\u00e9. La criminalit\u00e9 \u00e9conomique et d&rsquo;autres pratiques commerciales &hellip;<\/p>\n","protected":false},"author":8,"featured_media":0,"parent":0,"menu_order":0,"comment_status":"closed","ping_status":"closed","template":"","meta":{"_acf_changed":false,"footnotes":""},"class_list":["post-9371","page","type-page","status-publish","hentry"],"acf":[],"_links":{"self":[{"href":"https:\/\/www.lakal.de\/fr\/wp-json\/wp\/v2\/pages\/9371","targetHints":{"allow":["GET"]}}],"collection":[{"href":"https:\/\/www.lakal.de\/fr\/wp-json\/wp\/v2\/pages"}],"about":[{"href":"https:\/\/www.lakal.de\/fr\/wp-json\/wp\/v2\/types\/page"}],"author":[{"embeddable":true,"href":"https:\/\/www.lakal.de\/fr\/wp-json\/wp\/v2\/users\/8"}],"replies":[{"embeddable":true,"href":"https:\/\/www.lakal.de\/fr\/wp-json\/wp\/v2\/comments?post=9371"}],"version-history":[{"count":2,"href":"https:\/\/www.lakal.de\/fr\/wp-json\/wp\/v2\/pages\/9371\/revisions"}],"predecessor-version":[{"id":9373,"href":"https:\/\/www.lakal.de\/fr\/wp-json\/wp\/v2\/pages\/9371\/revisions\/9373"}],"wp:attachment":[{"href":"https:\/\/www.lakal.de\/fr\/wp-json\/wp\/v2\/media?parent=9371"}],"curies":[{"name":"wp","href":"https:\/\/api.w.org\/{rel}","templated":true}]}}