{"id":6646,"date":"2025-08-21T13:59:36","date_gmt":"2025-08-21T11:59:36","guid":{"rendered":"https:\/\/lakal.kunden1.hgcloud.de\/100-stories\/"},"modified":"2025-12-08T16:54:45","modified_gmt":"2025-12-08T15:54:45","slug":"nos-100-histoires","status":"publish","type":"page","link":"https:\/\/www.lakal.de\/fr\/lentreprise\/nos-100-histoires\/","title":{"rendered":"Nos 100 histoires"},"content":{"rendered":"\n<div style=\"height:100px;--height-desktop:120px;--height-tablet:120px;--height-mobile:100px\" aria-hidden=\"true\" class=\"wp-block-spacer\"><\/div>\n\n\n\n<div class=\"wp-block-group is-content-justification-center is-layout-constrained wp-block-group-is-layout-constrained\">\n<h1 class=\"wp-block-heading has-text-align-center has-h-1-font-size\"><strong>100 ans de LAKAL, <\/strong><br>100 ans de travail d\u2019\u00e9quipe, d\u2019\u00e9v\u00e9nements et d\u2019\u00e9motions !<\/h1>\n\n\n\n<p class=\"has-text-align-center\">Suivez notre personnel et nos partenaires, et d\u00e9couvrez une foule d\u2019impressions personnelles, de moments particuliers et d\u2019anecdotes du quotidien de l\u2019entreprise LAKAL.<\/p>\n\n\n\n<p class=\"has-text-align-center\">Laissez-vous inspirer par nos histoires.<\/p>\n\n\n\n<p class=\"has-text-align-center\">C\u00e9l\u00e9brez nos succ\u00e8s avec nous et jetez un coup d\u2019\u0153il \u00e0 nos projets !<\/p>\n<\/div>\n\n\n\n<div style=\"height:100px;--height-desktop:30px;--height-tablet:30px;--height-mobile:30px\" aria-hidden=\"true\" class=\"wp-block-spacer\"><\/div>\n\n\n\n<div style=\"height:100px;--height-desktop:60px;--height-tablet:60px;--height-mobile:50px\" aria-hidden=\"true\" class=\"wp-block-spacer\"><\/div>\n\n\n<div data-component=\"StoriesGridComponent\" data-props=\"{&quot;showFilter&quot;:false,&quot;align&quot;:&quot;none&quot;,&quot;postsPerPage&quot;:12,&quot;selectedCategories&quot;:[]}\"><\/div> \n\n\n<div style=\"height:100px;--height-desktop:180px;--height-tablet:180px;--height-mobile:100px\" aria-hidden=\"true\" class=\"wp-block-spacer\"><\/div>\n","protected":false},"excerpt":{"rendered":"<p>100 ans de LAKAL, 100 ans de travail d\u2019\u00e9quipe, d\u2019\u00e9v\u00e9nements et d\u2019\u00e9motions ! Suivez notre personnel et nos partenaires, et d\u00e9couvrez une foule d\u2019impressions personnelles, de moments particuliers et d\u2019anecdotes du quotidien de l\u2019entreprise LAKAL. Laissez-vous inspirer par nos histoires. C\u00e9l\u00e9brez nos succ\u00e8s avec nous et jetez un coup d\u2019\u0153il \u00e0 nos projets !<\/p>\n","protected":false},"author":3,"featured_media":0,"parent":6679,"menu_order":0,"comment_status":"closed","ping_status":"closed","template":"","meta":{"_acf_changed":false,"footnotes":""},"class_list":["post-6646","page","type-page","status-publish","hentry"],"acf":[],"_links":{"self":[{"href":"https:\/\/www.lakal.de\/fr\/wp-json\/wp\/v2\/pages\/6646","targetHints":{"allow":["GET"]}}],"collection":[{"href":"https:\/\/www.lakal.de\/fr\/wp-json\/wp\/v2\/pages"}],"about":[{"href":"https:\/\/www.lakal.de\/fr\/wp-json\/wp\/v2\/types\/page"}],"author":[{"embeddable":true,"href":"https:\/\/www.lakal.de\/fr\/wp-json\/wp\/v2\/users\/3"}],"replies":[{"embeddable":true,"href":"https:\/\/www.lakal.de\/fr\/wp-json\/wp\/v2\/comments?post=6646"}],"version-history":[{"count":4,"href":"https:\/\/www.lakal.de\/fr\/wp-json\/wp\/v2\/pages\/6646\/revisions"}],"predecessor-version":[{"id":12214,"href":"https:\/\/www.lakal.de\/fr\/wp-json\/wp\/v2\/pages\/6646\/revisions\/12214"}],"up":[{"embeddable":true,"href":"https:\/\/www.lakal.de\/fr\/wp-json\/wp\/v2\/pages\/6679"}],"wp:attachment":[{"href":"https:\/\/www.lakal.de\/fr\/wp-json\/wp\/v2\/media?parent=6646"}],"curies":[{"name":"wp","href":"https:\/\/api.w.org\/{rel}","templated":true}]}}