{"id":6612,"date":"2017-05-29T10:54:02","date_gmt":"2017-05-29T08:54:02","guid":{"rendered":"https:\/\/lakal.kunden1.hgcloud.de\/impressum\/"},"modified":"2025-10-15T09:38:15","modified_gmt":"2025-10-15T07:38:15","slug":"mentions-legales","status":"publish","type":"page","link":"https:\/\/www.lakal.de\/fr\/mentions-legales\/","title":{"rendered":"Mentions l\u00e9gales"},"content":{"rendered":"\n<div style=\"height:100px;--height-desktop:180px;--height-tablet:180px;--height-mobile:100px\" aria-hidden=\"true\" class=\"wp-block-spacer\"><\/div>\n\n\n<h1>MENTIONS L\u00c9GALES<\/h1>\n<p><strong>LAKAL GmbH<\/strong><br \/>Am Pitzberg 2<br \/>D-66740 Saarlouis<br \/>T\u00e9l\u00e9phone: +49 6831 8948-0<br \/>Internet:\u00a0<a href=\"https:\/\/www.lakal.de\/fr\">www.lakal.fr<\/a><\/p>\n<p><strong>G\u00e9rants<\/strong><\/p>\n<p>Heiko Sonnekalb, Dipl.-Betriebsw.<\/p>\n<p>Yannick Gross<\/p>\n<p><strong>Registre<\/strong><br \/>Tribunal de Sarrebruck, HRB (Registre du Commerce, section B) 18034<\/p>\n<p><strong>Num\u00e9ro de TVA<\/strong><br \/>DE 812 665 001<\/p>\n<p><strong>Copyright<\/strong><br \/>LAKAL GmbH<br \/>Am Pitzberg 2<br \/>D-66740 Sarrelouis<br \/>T\u00e9l. : +49 6831 8948-0<\/p>\n<p><strong>Relations Presse:<\/strong><br \/>marketing@lakal.de<\/p>\n<p><strong>Responsable de la protection des donn\u00e9es:<\/strong><br \/>Mark Bedner<\/p>\n<p><strong>Proc\u00e9dure de r\u00e8glement des litiges en ligne<\/strong><\/p>\n<p>Plateforme de la Commission Europ\u00e9enne pour les r\u00e8glements de litiges en ligne :\u00a0<a href=\"http:\/\/www.ec.europa.eu\/consumers\/odr\">www.ec.europa.eu\/consumers\/odr<\/a><\/p>\n<p><strong>Remarques selon la loi allemande relative au r\u00e8glement des litiges en mati\u00e8re de consommation (VSBG)<\/strong><\/p>\n<p>Nous ne sommes ni pr\u00eats ni tenus de participer \u00e0 un r\u00e8glement des litiges devant un organisme de r\u00e8glement des litiges.<\/p>\n<p><strong>Droits d\u2019auteur<\/strong><br \/>Nous nous soucions toujours du respect des droits d\u2019auteur et nous nous r\u00e9f\u00e9rons \u00e0 nos propres documents ou \u00e0 des \u0153uvres du domaine public.<br \/>Les contenus et les informations que nous avons \u00e9labor\u00e9s sur ces pages sont soumis aux droits d\u2019auteur. Les sources provenant de tiers sont signal\u00e9es comme telles. Toute reproduction, traitement, diffusion et toute utilisation de ces donn\u00e9es en dehors du cadre des droits d\u2019auteur doivent faire l\u2019objet d\u2019une demande \u00e0 l&rsquo;auteur ou au concepteur aux fins de l&rsquo;obtention d&rsquo;une autorisation \u00e9crite. Il est interdit de t\u00e9l\u00e9charger et d&rsquo;utiliser des images de ce site sans notre autorisation \u00e9crite.<\/p>\n<p><strong>Responsabilit\u00e9 du contenu<\/strong><br \/>La soci\u00e9t\u00e9 LAKAL GmbH a con\u00e7u ce site avec le plus grand soin, toutefois elle n\u2019assume pas la responsabilit\u00e9, ni ne garantit l\u2019exactitude, l\u2019int\u00e9gralit\u00e9 et la mise \u00e0 jour de son contenu.<br \/>Selon la loi (\u00a7 6, alin\u00e9a 1, du contrat d\u2019\u00c9tat sur les services li\u00e9s aux m\u00e9dias et \u00a7 8, alin\u00e9a 1, de la loi sur les services de t\u00e9l\u00e9communication), en tant que prestataire de services, nous sommes responsables du contenu de ces pages conform\u00e9ment aux lois g\u00e9n\u00e9rales. Toutefois, nous ne sommes pas tenus de contr\u00f4ler les informations \u00e9trang\u00e8res que nous transmettons ou que nous enregistrons ou de rechercher les faits signalant les actions ill\u00e9gales de tiers. L\u2019obligation de supprimer ou de bloquer l\u2019utilisation d\u2019informations conform\u00e9ment aux lois g\u00e9n\u00e9rales reste inchang\u00e9e. Cependant, nous pouvons en assumer la responsabilit\u00e9 qui en d\u00e9coulerait uniquement d\u00e8s lors que nous aurions connaissance d\u2019une infraction concr\u00e8te. Dans le cas o\u00f9 nous prendrions connaissance d\u2019une infraction quelconque, nous supprimerions le contenu dans les plus brefs d\u00e9lais.<\/p>\n<p><strong>Responsabilit\u00e9 des liens<\/strong><br \/>Dans la mesure o\u00f9 nos services contiennent des liens dirigeant vers d\u2019autres sites Internet de tiers, sur le contenu desquels nous n\u2019avons aucune influence, nous ne pouvons fournir aucune garantie de leur contenu. Le prestataire ou l\u2019exploitant de ces pages est toujours tenu pour responsable de leur contenu.<br \/>Lors de la cr\u00e9ation des liens, les pages auxquelles il est renvoy\u00e9 ont \u00e9t\u00e9 contr\u00f4l\u00e9es en terme d\u2019infractions. Les sites ne pr\u00e9sentaient pas de contenu ill\u00e9gal lors de la cr\u00e9ation des liens. Un contr\u00f4le permanent du contenu de ces sites n\u2019est toutefois pas pensable sans \u00e9l\u00e9ments concrets signalant une infraction. Dans le cas o\u00f9 nous prendrions connaissance d\u2019une infraction quelconque, nous supprimerions ces liens dans les plus brefs d\u00e9lais.<\/p>\n<p><strong>Protection des donn\u00e9es<\/strong><br \/>\u00c0 chaque fois qu\u2019un utilisateur acc\u00e8de \u00e0 notre offre par Internet et qu\u2019un fichier est consult\u00e9, des donn\u00e9es sont, lors du processus, temporairement enregistr\u00e9es dans un fichier journal et trait\u00e9es.<\/p>\n<p>Pour \u00eatre plus pr\u00e9cis :<\/p>\n<ul>\n<li>Les adresses postales et e-mail que vous entrez dans le cadre de demandes ou de commandes de mat\u00e9riel d\u2019information (via un e-mail ou un formulaire de contact) nous servent exclusivement \u00e0 traiter votre demande. Nous enregistrons et traitons uniquement les donn\u00e9es qui nous sont absolument n\u00e9cessaires.<\/li>\n<li>Lors de votre acc\u00e8s \u00e0 ce site web, des informations d\u2019acc\u00e8s (date, heure, page consult\u00e9e) sont enregistr\u00e9es sur notre serveur. \u00c0 la fin du processus de communication, l\u2019adresse IP devient anonyme. Les informations sont utilis\u00e9es \u00e0 des fins statistiques uniquement. Les \u00e9valuations sont anonymes et servent \u00e0 am\u00e9liorer l\u2019offre.<\/li>\n<li>Nous ne communiquons pas vos donn\u00e9es personnelles \u00e0 des tiers.<\/li>\n<li>Nous n\u2019utilisons pas de contr\u00f4les ActiveX.<\/li>\n<\/ul>\n<p>Un cookie (petit fichier texte) est n\u00e9cessaire pour utiliser le domaine prot\u00e9g\u00e9 par mot de passe. Celui-ci fait office de cookie de session. Vous trouverez plus d\u2019informations \u00e0 propos des cookies et des cookies de session sur \u00ab Wikipedia \u00bb. Vous pouvez supprimer les cookies de votre ordinateur \u00e0 tout moment et sans risque.<br \/>Lorsque vous remplissez un formulaire de contact sur notre site web, vous acceptez que vos donn\u00e9es soient enregistr\u00e9es sur nos ordinateurs et que nous les utilisions. Nous utilisons ces donn\u00e9es pour traiter vos demandes. Vos donn\u00e9es ne sont pas communiqu\u00e9es \u00e0 des tiers.<\/p>\n<p>En acc\u00e9dant \u00e0 ce site web, des informations relatives \u00e0 l\u2019acc\u00e8s sont sauvegard\u00e9es sur notre serveur. Les donn\u00e9es sauvegard\u00e9es comprennent : \u00a0date et heure de l\u2019acc\u00e8s, navigateur web utilis\u00e9, r\u00e9f\u00e9rant \/ pour les outils de recherche, les crit\u00e8res de recherche utilis\u00e9s, pages visit\u00e9es, page d\u2019entr\u00e9e et page de sortie, dur\u00e9e de la visite, type d\u2019appareil (PC, tablette, smartphone,&#8230;) et \u00e9ventuellement le fabricant, syst\u00e8me d\u2019exploitation utilis\u00e9, origine g\u00e9ographique du visiteur sur la base de l\u2019adresse IP anonyme.<\/p>\n<p><strong>Concept, design et programmation<\/strong><\/p>\n<p>360VIER\u00a0GmbH<br \/>Curtigasse 6<br \/>64823\u00a0Gro\u00df-Umstadt<\/p>\n<p class=\"p1\">\u00a0<\/p>\n\n\n<div style=\"height:100px;--height-desktop:180px;--height-tablet:180px;--height-mobile:100px\" aria-hidden=\"true\" class=\"wp-block-spacer\"><\/div>\n","protected":false},"excerpt":{"rendered":"<p>MENTIONS L\u00c9GALES LAKAL GmbHAm Pitzberg 2D-66740 SaarlouisT\u00e9l\u00e9phone: +49 6831 8948-0Internet:\u00a0www.lakal.fr G\u00e9rants Heiko Sonnekalb, Dipl.-Betriebsw. Yannick Gross RegistreTribunal de Sarrebruck, HRB (Registre du Commerce, section B) 18034 Num\u00e9ro de TVADE 812 665 001 CopyrightLAKAL GmbHAm Pitzberg 2D-66740 SarrelouisT\u00e9l. : +49 6831 8948-0 Relations Presse:marketing@lakal.de Responsable de la protection des donn\u00e9es:Mark Bedner Proc\u00e9dure de r\u00e8glement des litiges &hellip;<\/p>\n","protected":false},"author":2,"featured_media":0,"parent":0,"menu_order":0,"comment_status":"closed","ping_status":"closed","template":"","meta":{"_acf_changed":false,"footnotes":""},"class_list":["post-6612","page","type-page","status-publish","hentry"],"acf":[],"_links":{"self":[{"href":"https:\/\/www.lakal.de\/fr\/wp-json\/wp\/v2\/pages\/6612","targetHints":{"allow":["GET"]}}],"collection":[{"href":"https:\/\/www.lakal.de\/fr\/wp-json\/wp\/v2\/pages"}],"about":[{"href":"https:\/\/www.lakal.de\/fr\/wp-json\/wp\/v2\/types\/page"}],"author":[{"embeddable":true,"href":"https:\/\/www.lakal.de\/fr\/wp-json\/wp\/v2\/users\/2"}],"replies":[{"embeddable":true,"href":"https:\/\/www.lakal.de\/fr\/wp-json\/wp\/v2\/comments?post=6612"}],"version-history":[{"count":3,"href":"https:\/\/www.lakal.de\/fr\/wp-json\/wp\/v2\/pages\/6612\/revisions"}],"predecessor-version":[{"id":9366,"href":"https:\/\/www.lakal.de\/fr\/wp-json\/wp\/v2\/pages\/6612\/revisions\/9366"}],"wp:attachment":[{"href":"https:\/\/www.lakal.de\/fr\/wp-json\/wp\/v2\/media?parent=6612"}],"curies":[{"name":"wp","href":"https:\/\/api.w.org\/{rel}","templated":true}]}}