{"id":6476,"date":"2025-09-16T12:04:06","date_gmt":"2025-09-16T10:04:06","guid":{"rendered":"https:\/\/lakal.kunden1.hgcloud.de\/kooperationen-und-partner\/"},"modified":"2025-10-13T14:13:58","modified_gmt":"2025-10-13T12:13:58","slug":"nos-partenaires","status":"publish","type":"page","link":"https:\/\/www.lakal.de\/fr\/lentreprise\/nos-partenaires\/","title":{"rendered":"Nos partenaires"},"content":{"rendered":"<div class=\"dhsv-breadcrumb-block alignwide\">\n            <span><span><a href=\"https:\/\/www.lakal.de\/fr\/\">Home<\/a><\/span><\/span>\n    <\/div>\n\n\n\n<div class=\"wp-block-group is-vertical is-content-justification-center is-layout-flex wp-container-core-group-is-layout-4b2eccd6 wp-block-group-is-layout-flex\">\n<div style=\"height:0px;--height-desktop:60px;--height-tablet:60px;--height-mobile:50px\" aria-hidden=\"true\" class=\"wp-block-spacer wp-container-content-6388d5dc\"><\/div>\n\n\n\n<figure class=\"wp-block-image size-full is-resized\"><img loading=\"lazy\" decoding=\"async\" width=\"1000\" height=\"1000\" src=\"https:\/\/www.lakal.de\/wp-content\/uploads\/Partner.png\" alt=\"\" class=\"wp-image-7250\" style=\"object-fit:cover;width:100px;height:100px\" srcset=\"https:\/\/www.lakal.de\/wp-content\/uploads\/Partner.png 1000w, https:\/\/www.lakal.de\/wp-content\/uploads\/Partner-300x300.png 300w, https:\/\/www.lakal.de\/wp-content\/uploads\/Partner-250x250.png 250w, https:\/\/www.lakal.de\/wp-content\/uploads\/Partner-768x768.png 768w\" sizes=\"auto, (max-width: 1000px) 100vw, 1000px\" \/><\/figure>\n\n\n\n<h1 class=\"wp-block-heading has-text-align-center\">Ensemble, plus forts <br><strong>Un r\u00e9seau de partenaires engag\u00e9s \u00e0 nos c\u00f4t\u00e9s.<\/strong><\/h1>\n<\/div>\n\n\n\n<div style=\"height:100px;--height-desktop:120px;--height-tablet:120px;--height-mobile:100px\" aria-hidden=\"true\" class=\"wp-block-spacer\"><\/div>\n\n\n<div data-component=\"AnchorList\" data-props=\"{&quot;align&quot;:&quot;none&quot;,&quot;title&quot;:&quot;&quot;}\"><\/div>\n\n\n\n<div style=\"height:120px;--height-desktop:120px;--height-tablet:120px;--height-mobile:100px\" aria-hidden=\"true\" class=\"wp-block-spacer\"><\/div>\n\n\n\n<p>Les coop\u00e9rations et les partenariats sont pour nous une <strong>cl\u00e9 essentielle du succ\u00e8s<\/strong>.<br>En travaillant en \u00e9troite collaboration avec nos partenaires, nous pouvons <strong>agir efficacement <\/strong>et atteindre des objectifs ambitieux.<br>Gr\u00e2ce \u00e0 nos <strong>adh\u00e9sions actives<\/strong> \u00e0 diverses f\u00e9d\u00e9rations et associations professionnelles, nous \u00e9changeons r\u00e9guli\u00e8rement des connaissances et partageons notre expertise. En retour, nous b\u00e9n\u00e9ficions du savoir-faire collectif du secteur afin de <strong>fa\u00e7onner l\u2019avenir<\/strong> et de d\u00e9velopper des solutions innovantes.<\/p>\n\n\n\n<p>C\u2019est ainsi que nous restons constamment \u00e0 la pointe et garantissons la qualit\u00e9 que nos clients attendent de LAKAL.<\/p>\n\n\n\n<div style=\"height:100px;--height-desktop:30px;--height-tablet:30px;--height-mobile:30px\" aria-hidden=\"true\" class=\"wp-block-spacer\"><\/div>\n\n\n<div data-component=\"Anchor\" data-props=\"{&quot;anchor&quot;:&quot;Partnerschaften&quot;,&quot;anchorTitle&quot;:&quot;Coop\\u00e9rations &amp;amp; partenariats&quot;,&quot;align&quot;:&quot;none&quot;}\"><\/div>\n\n\n\n<div class=\"wp-block-group is-layout-constrained wp-block-group-is-layout-constrained\">\n<h2 class=\"wp-block-heading\"><strong>Coop\u00e9rations &amp; partenariats<\/strong><\/h2>\n\n\n\n<div style=\"height:100px;--height-desktop:60px;--height-tablet:60px;--height-mobile:50px\" aria-hidden=\"true\" class=\"wp-block-spacer\"><\/div>\n\n\n\n<div class=\"wp-block-columns is-layout-flex wp-container-core-columns-is-layout-9d6595d7 wp-block-columns-is-layout-flex\">\n<div class=\"wp-block-column is-layout-flow wp-block-column-is-layout-flow\">\n<figure class=\"wp-block-image size-full is-resized\"><img loading=\"lazy\" decoding=\"async\" width=\"386\" height=\"150\" src=\"https:\/\/www.lakal.de\/wp-content\/uploads\/somfy-1.webp\" alt=\"\" class=\"wp-image-5169\" style=\"width:auto;height:46px\" srcset=\"https:\/\/www.lakal.de\/wp-content\/uploads\/somfy-1.webp 386w, https:\/\/www.lakal.de\/wp-content\/uploads\/somfy-1-300x117.webp 300w\" sizes=\"auto, (max-width: 386px) 100vw, 386px\" \/><\/figure>\n\n\n\n<p class=\"has-primary-color has-text-color has-link-color wp-elements-3698240dc7797d9927e7130c86e58e94\"><strong>Somfy<\/strong><\/p>\n\n\n\n<p class=\"has-text-small-font-size\">Leader mondial de l\u2019automatisation de l\u2019habitat, <strong>Somfy<\/strong> d\u00e9veloppe et commercialise des solutions d\u2019entra\u00eenement et de commande innovantes pour les volets roulants et autres \u00e9quipements techniques du b\u00e2timent. De multiples possibilit\u00e9s de connexion pour une <strong>maison intelligente, confortable et s\u00e9curis\u00e9e<\/strong>.<\/p>\n\n\n<div class=\"dhsv-buttons horizontal alignwide is-layout-flex wp-block-dhsv-buttons-is-layout-flex\" data-align=\"wide\" style=\"display: flex; flex-wrap: wrap; flex-direction: row; justify-content: left\">\n    \n<a  href='https:\/\/www.somfy.fr\/'\n    target='_blank'\n    class=\"dhsv-button primary  button-sm  is-external\">\n                <div class=\"icon-container\">\n            <svg class=\"dhsv-icon\" viewBox=\"0 0 20 20\" fill=\"none\" xmlns=\"http:\/\/www.w3.org\/2000\/svg\">\n<path d=\"M10 0L8.2375 1.7625L15.2125 8.75H0V11.25H15.2125L8.2375 18.2375L10 20L20 10L10 0Z\" fill=\"white\"\/>\n<\/svg>        <\/div>\n            <span>Visiter le site<\/span>\n<\/a>\n\n\n<\/div>\n<\/div>\n\n\n\n<div class=\"wp-block-column is-layout-flow wp-block-column-is-layout-flow\">\n<figure class=\"wp-block-image size-full is-resized\"><img loading=\"lazy\" decoding=\"async\" width=\"500\" height=\"150\" src=\"https:\/\/www.lakal.de\/wp-content\/uploads\/delta-dore-1.webp\" alt=\"\" class=\"wp-image-5907\" style=\"width:auto;height:46px\" srcset=\"https:\/\/www.lakal.de\/wp-content\/uploads\/delta-dore-1.webp 500w, https:\/\/www.lakal.de\/wp-content\/uploads\/delta-dore-1-300x90.webp 300w\" sizes=\"auto, (max-width: 500px) 100vw, 500px\" \/><\/figure>\n\n\n\n<p class=\"has-primary-color has-text-color has-link-color wp-elements-d6b0b8f6f673fada7c6834676be603b0\"><strong>Delta Dore<\/strong><\/p>\n\n\n\n<p class=\"has-text-small-font-size\"><strong>Delta Dore<\/strong> est un leader des solutions domotiques intelligentes. Ses syst\u00e8mes de commande pour les volets roulants, le chauffage, l\u2019\u00e9clairage et la s\u00e9curit\u00e9 <strong>compl\u00e8tent parfaitement nos solutions<\/strong>.<\/p>\n\n\n<div class=\"dhsv-buttons horizontal alignwide is-layout-flex wp-block-dhsv-buttons-is-layout-flex\" data-align=\"wide\" style=\"display: flex; flex-wrap: wrap; flex-direction: row; justify-content: left\">\n    \n<a  href='https:\/\/www.deltadore.de\/'\n    target='_blank'\n    class=\"dhsv-button primary  button-sm  is-external\">\n                <div class=\"icon-container\">\n            <svg class=\"dhsv-icon\" viewBox=\"0 0 20 20\" fill=\"none\" xmlns=\"http:\/\/www.w3.org\/2000\/svg\">\n<path d=\"M10 0L8.2375 1.7625L15.2125 8.75H0V11.25H15.2125L8.2375 18.2375L10 20L20 10L10 0Z\" fill=\"white\"\/>\n<\/svg>        <\/div>\n            <span>Visiter le site<\/span>\n<\/a>\n\n\n<\/div>\n<\/div>\n\n\n\n<div class=\"wp-block-column is-layout-flow wp-block-column-is-layout-flow\">\n<figure class=\"wp-block-image size-full is-resized\"><img loading=\"lazy\" decoding=\"async\" width=\"450\" height=\"114\" src=\"https:\/\/www.lakal.de\/wp-content\/uploads\/Coffrlite-Logo.png\" alt=\"\" class=\"wp-image-7661\" style=\"width:auto;height:46px\" srcset=\"https:\/\/www.lakal.de\/wp-content\/uploads\/Coffrlite-Logo.png 450w, https:\/\/www.lakal.de\/wp-content\/uploads\/Coffrlite-Logo-300x76.png 300w\" sizes=\"auto, (max-width: 450px) 100vw, 450px\" \/><\/figure>\n\n\n\n<p class=\"has-primary-color has-text-color has-link-color wp-elements-082db9e77a8c799f0c59d3d194d0dabe\"><strong>Coffre Elite<\/strong><\/p>\n\n\n\n<p class=\"has-text-small-font-size\"><strong>Coffre Elite<\/strong> est sp\u00e9cialis\u00e9e dans la conception de coffres pour volets roulants et protections solaires. Gr\u00e2ce \u00e0 des solutions robustes et fiables, cette collaboration permet d\u2019offrir \u00e0 nos clients une int\u00e9gration harmonieuse et durable des produits LAKAL dans tous types de fa\u00e7ades.<\/p>\n\n\n<div class=\"dhsv-buttons horizontal alignwide is-layout-flex wp-block-dhsv-buttons-is-layout-flex\" data-align=\"wide\" style=\"display: flex; flex-wrap: wrap; flex-direction: row; justify-content: left\">\n    \n<a  href='https:\/\/coffrelite.com\/'\n    target='_blank'\n    class=\"dhsv-button primary  button-sm  is-external\">\n                <div class=\"icon-container\">\n            <svg class=\"dhsv-icon\" viewBox=\"0 0 20 20\" fill=\"none\" xmlns=\"http:\/\/www.w3.org\/2000\/svg\">\n<path d=\"M10 0L8.2375 1.7625L15.2125 8.75H0V11.25H15.2125L8.2375 18.2375L10 20L20 10L10 0Z\" fill=\"white\"\/>\n<\/svg>        <\/div>\n            <span>Visiter le site<\/span>\n<\/a>\n\n\n<\/div>\n<\/div>\n<\/div>\n\n\n\n<div class=\"wp-block-columns is-layout-flex wp-container-core-columns-is-layout-9d6595d7 wp-block-columns-is-layout-flex\">\n<div class=\"wp-block-column is-layout-flow wp-block-column-is-layout-flow\">\n<figure class=\"wp-block-image size-full is-resized\"><img decoding=\"async\" src=\"https:\/\/www.lakal.de\/wp-content\/uploads\/gesplast.svg\" alt=\"\" class=\"wp-image-7663\" style=\"width:auto;height:46px\"\/><\/figure>\n\n\n\n<p class=\"has-primary-color has-text-color has-link-color wp-elements-3d01a6d910330b6e443b60ae016d2b5d\"><strong>Geplast<\/strong><\/p>\n\n\n\n<p class=\"has-text-small-font-size\">Avec <strong>Geplast<\/strong>, expert reconnu dans l\u2019extrusion de profils PVC, nous d\u00e9veloppons des solutions techniques sur mesure. Cette coop\u00e9ration garantit des produits performants, durables et parfaitement adapt\u00e9s aux exigences du march\u00e9 de la menuiserie et de la protection solaire.<\/p>\n\n\n<div class=\"dhsv-buttons horizontal alignwide is-layout-flex wp-block-dhsv-buttons-is-layout-flex\" data-align=\"wide\" style=\"display: flex; flex-wrap: wrap; flex-direction: row; justify-content: left\">\n    \n<a  href='https:\/\/www.geplast.fr\/'\n    target='_blank'\n    class=\"dhsv-button primary  button-sm  is-external\">\n                <div class=\"icon-container\">\n            <svg class=\"dhsv-icon\" viewBox=\"0 0 20 20\" fill=\"none\" xmlns=\"http:\/\/www.w3.org\/2000\/svg\">\n<path d=\"M10 0L8.2375 1.7625L15.2125 8.75H0V11.25H15.2125L8.2375 18.2375L10 20L20 10L10 0Z\" fill=\"white\"\/>\n<\/svg>        <\/div>\n            <span>Visiter le site<\/span>\n<\/a>\n\n\n<\/div>\n<\/div>\n\n\n\n<div class=\"wp-block-column is-layout-flow wp-block-column-is-layout-flow\">\n<figure class=\"wp-block-image size-full is-resized\"><img loading=\"lazy\" decoding=\"async\" width=\"2600\" height=\"615\" src=\"https:\/\/www.lakal.de\/wp-content\/uploads\/Zurfluh-Feller-H-logo-RVB-scaled.webp\" alt=\"\" class=\"wp-image-7665\" style=\"width:auto;height:46px\" srcset=\"https:\/\/www.lakal.de\/wp-content\/uploads\/Zurfluh-Feller-H-logo-RVB-scaled.webp 2600w, https:\/\/www.lakal.de\/wp-content\/uploads\/Zurfluh-Feller-H-logo-RVB-300x71.webp 300w, https:\/\/www.lakal.de\/wp-content\/uploads\/Zurfluh-Feller-H-logo-RVB-1600x379.webp 1600w, https:\/\/www.lakal.de\/wp-content\/uploads\/Zurfluh-Feller-H-logo-RVB-768x182.webp 768w, https:\/\/www.lakal.de\/wp-content\/uploads\/Zurfluh-Feller-H-logo-RVB-1536x363.webp 1536w, https:\/\/www.lakal.de\/wp-content\/uploads\/Zurfluh-Feller-H-logo-RVB-2048x485.webp 2048w\" sizes=\"auto, (max-width: 2600px) 100vw, 2600px\" \/><\/figure>\n\n\n\n<p class=\"has-primary-color has-text-color has-link-color wp-elements-c5f4e80aaf64207c6a2bfeca8b4c035f\"><strong>Zurfluh-Feller<\/strong><\/p>\n\n\n\n<p class=\"has-text-small-font-size\"><strong>Zurfluh-Feller<\/strong> est un acteur majeur dans le domaine des syst\u00e8mes d\u2019entra\u00eenement et de commande pour volets roulants et protections solaires. Cette collaboration nous permet de proposer des solutions fiables, innovantes et parfaitement adapt\u00e9es aux besoins du march\u00e9.<\/p>\n\n\n<div class=\"dhsv-buttons horizontal alignwide is-layout-flex wp-block-dhsv-buttons-is-layout-flex\" data-align=\"wide\" style=\"display: flex; flex-wrap: wrap; flex-direction: row; justify-content: left\">\n    \n<a  href='https:\/\/www.zurfluh-feller.fr\/'\n    target='_blank'\n    class=\"dhsv-button primary  button-sm  is-external\">\n                <div class=\"icon-container\">\n            <svg class=\"dhsv-icon\" viewBox=\"0 0 20 20\" fill=\"none\" xmlns=\"http:\/\/www.w3.org\/2000\/svg\">\n<path d=\"M10 0L8.2375 1.7625L15.2125 8.75H0V11.25H15.2125L8.2375 18.2375L10 20L20 10L10 0Z\" fill=\"white\"\/>\n<\/svg>        <\/div>\n            <span>Visiter le site<\/span>\n<\/a>\n\n\n<\/div>\n<\/div>\n\n\n\n<div class=\"wp-block-column is-layout-flow wp-block-column-is-layout-flow\">\n<figure class=\"wp-block-image size-full is-resized\"><img loading=\"lazy\" decoding=\"async\" width=\"318\" height=\"159\" src=\"https:\/\/www.lakal.de\/wp-content\/uploads\/telechargement.jpg\" alt=\"\" class=\"wp-image-7669\" style=\"width:auto;height:46px\" srcset=\"https:\/\/www.lakal.de\/wp-content\/uploads\/telechargement.jpg 318w, https:\/\/www.lakal.de\/wp-content\/uploads\/telechargement-300x150.jpg 300w\" sizes=\"auto, (max-width: 318px) 100vw, 318px\" \/><\/figure>\n\n\n\n<p class=\"has-primary-color has-text-color has-link-color wp-elements-487cc9fd932a1b5eeb65c418ea7521d7\"><strong>Deceuninck<\/strong><\/p>\n\n\n\n<p class=\"has-text-small-font-size\">Leader dans le domaine des profils PVC et des solutions durables pour la construction, <strong>Deceuninck<\/strong> est un partenaire strat\u00e9gique pour LAKAL. Ensemble, nous proposons des solutions innovantes alliant design, performance \u00e9nerg\u00e9tique et durabilit\u00e9.<\/p>\n\n\n<div class=\"dhsv-buttons horizontal alignwide is-layout-flex wp-block-dhsv-buttons-is-layout-flex\" data-align=\"wide\" style=\"display: flex; flex-wrap: wrap; flex-direction: row; justify-content: left\">\n    \n<a  href='https:\/\/www.exte.de\/'\n    target='_blank'\n    class=\"dhsv-button primary  button-sm  is-external\">\n                <div class=\"icon-container\">\n            <svg class=\"dhsv-icon\" viewBox=\"0 0 20 20\" fill=\"none\" xmlns=\"http:\/\/www.w3.org\/2000\/svg\">\n<path d=\"M10 0L8.2375 1.7625L15.2125 8.75H0V11.25H15.2125L8.2375 18.2375L10 20L20 10L10 0Z\" fill=\"white\"\/>\n<\/svg>        <\/div>\n            <span>Visiter le site<\/span>\n<\/a>\n\n\n<\/div>\n<\/div>\n<\/div>\n\n\n\n<div style=\"height:100px;--height-desktop:180px;--height-tablet:180px;--height-mobile:100px\" aria-hidden=\"true\" class=\"wp-block-spacer\"><\/div>\n<\/div>\n\n\n<div data-component=\"Anchor\" data-props=\"{&quot;anchor&quot;:&quot;Netzwerken&quot;,&quot;anchorTitle&quot;:&quot;Groupements professionnels&quot;,&quot;align&quot;:&quot;none&quot;}\"><\/div>\n\n\n\n<div class=\"wp-block-group is-layout-constrained wp-block-group-is-layout-constrained\">\n<h2 class=\"wp-block-heading\"><strong>Groupements professionnels<\/strong><\/h2>\n\n\n\n<div style=\"height:100px;--height-desktop:60px;--height-tablet:60px;--height-mobile:50px\" aria-hidden=\"true\" class=\"wp-block-spacer\"><\/div>\n\n\n\n<div class=\"wp-block-columns is-layout-flex wp-container-core-columns-is-layout-9d6595d7 wp-block-columns-is-layout-flex\">\n<div class=\"wp-block-column is-layout-flow wp-block-column-is-layout-flow\">\n<figure class=\"wp-block-image size-full is-resized\"><img loading=\"lazy\" decoding=\"async\" width=\"228\" height=\"182\" src=\"https:\/\/www.lakal.de\/wp-content\/uploads\/Logo-ES-SO_small.png\" alt=\"\" class=\"wp-image-7723\" style=\"width:auto;height:46px\"\/><\/figure>\n\n\n\n<p class=\"has-primary-color has-text-color has-link-color wp-elements-018ab32ae65fa3e456db8f1c251c1426\"><strong>ES-SO (European Solar Shading Organisation)<\/strong><\/p>\n\n\n\n<p class=\"has-text-small-font-size\">L\u2019<strong>ES-SO<\/strong> regroupe les principaux acteurs europ\u00e9ens de la protection solaire afin de promouvoir son r\u00f4le dans la performance \u00e9nerg\u00e9tique des b\u00e2timents. En tant que membre actif, LAKAL contribue \u00e0 valoriser des solutions durables, efficaces et respectueuses de l\u2019environnement.<\/p>\n\n\n<div class=\"dhsv-buttons horizontal alignwide is-layout-flex wp-block-dhsv-buttons-is-layout-flex\" data-align=\"wide\" style=\"display: flex; flex-wrap: wrap; flex-direction: row; justify-content: left\">\n    \n<a  href='https:\/\/es-so.com\/'\n    target='_blank'\n    class=\"dhsv-button primary  button-sm  is-external\">\n                <div class=\"icon-container\">\n            <svg class=\"dhsv-icon\" viewBox=\"0 0 20 20\" fill=\"none\" xmlns=\"http:\/\/www.w3.org\/2000\/svg\">\n<path d=\"M10 0L8.2375 1.7625L15.2125 8.75H0V11.25H15.2125L8.2375 18.2375L10 20L20 10L10 0Z\" fill=\"white\"\/>\n<\/svg>        <\/div>\n            <span>VISITER LE SITE<\/span>\n<\/a>\n\n\n<\/div>\n<\/div>\n\n\n\n<div class=\"wp-block-column is-layout-flow wp-block-column-is-layout-flow\">\n<figure class=\"wp-block-image size-full is-resized\"><img loading=\"lazy\" decoding=\"async\" width=\"962\" height=\"276\" src=\"https:\/\/www.lakal.de\/wp-content\/uploads\/actibaie.png\" alt=\"\" class=\"wp-image-7720\" style=\"width:auto;height:46px\" srcset=\"https:\/\/www.lakal.de\/wp-content\/uploads\/actibaie.png 962w, https:\/\/www.lakal.de\/wp-content\/uploads\/actibaie-300x86.png 300w, https:\/\/www.lakal.de\/wp-content\/uploads\/actibaie-768x220.png 768w\" sizes=\"auto, (max-width: 962px) 100vw, 962px\" \/><\/figure>\n\n\n\n<p class=\"has-primary-color has-text-color has-link-color wp-elements-43bb6446987630bb9d8dbae62112e8e4\"><strong><strong>Actibaie<\/strong><\/strong><\/p>\n\n\n\n<p class=\"has-text-small-font-size\"><strong>Actibaie<\/strong> est le groupement professionnel fran\u00e7ais repr\u00e9sentant les acteurs des fermetures, protections solaires et automatismes. L\u2019association promeut la qualit\u00e9, la performance et la s\u00e9curit\u00e9 des produits, tout en accompagnant le d\u00e9veloppement de la fili\u00e8re au niveau national.<\/p>\n\n\n<div class=\"dhsv-buttons horizontal alignwide is-layout-flex wp-block-dhsv-buttons-is-layout-flex\" data-align=\"wide\" style=\"display: flex; flex-wrap: wrap; flex-direction: row; justify-content: left\">\n    \n<a  href='https:\/\/www.groupement-actibaie.org\/'\n    target='_blank'\n    class=\"dhsv-button primary  button-sm  is-external\">\n                <div class=\"icon-container\">\n            <svg class=\"dhsv-icon\" viewBox=\"0 0 20 20\" fill=\"none\" xmlns=\"http:\/\/www.w3.org\/2000\/svg\">\n<path d=\"M10 0L8.2375 1.7625L15.2125 8.75H0V11.25H15.2125L8.2375 18.2375L10 20L20 10L10 0Z\" fill=\"white\"\/>\n<\/svg>        <\/div>\n            <span>VISITER LE SITE<\/span>\n<\/a>\n\n\n<\/div>\n<\/div>\n\n\n\n<div class=\"wp-block-column is-layout-flow wp-block-column-is-layout-flow\"><\/div>\n<\/div>\n\n\n\n<div style=\"height:100px;--height-desktop:180px;--height-tablet:180px;--height-mobile:100px\" aria-hidden=\"true\" class=\"wp-block-spacer\"><\/div>\n<\/div>\n","protected":false},"excerpt":{"rendered":"<p>Ensemble, plus forts Un r\u00e9seau de partenaires engag\u00e9s \u00e0 nos c\u00f4t\u00e9s. Les coop\u00e9rations et les partenariats sont pour nous une cl\u00e9 essentielle du succ\u00e8s.En travaillant en \u00e9troite collaboration avec nos partenaires, nous pouvons agir efficacement et atteindre des objectifs ambitieux.Gr\u00e2ce \u00e0 nos adh\u00e9sions actives \u00e0 diverses f\u00e9d\u00e9rations et associations professionnelles, nous \u00e9changeons r\u00e9guli\u00e8rement des connaissances &hellip;<\/p>\n","protected":false},"author":8,"featured_media":0,"parent":6679,"menu_order":0,"comment_status":"closed","ping_status":"closed","template":"","meta":{"_acf_changed":false,"footnotes":""},"class_list":["post-6476","page","type-page","status-publish","hentry"],"acf":[],"_links":{"self":[{"href":"https:\/\/www.lakal.de\/fr\/wp-json\/wp\/v2\/pages\/6476","targetHints":{"allow":["GET"]}}],"collection":[{"href":"https:\/\/www.lakal.de\/fr\/wp-json\/wp\/v2\/pages"}],"about":[{"href":"https:\/\/www.lakal.de\/fr\/wp-json\/wp\/v2\/types\/page"}],"author":[{"embeddable":true,"href":"https:\/\/www.lakal.de\/fr\/wp-json\/wp\/v2\/users\/8"}],"replies":[{"embeddable":true,"href":"https:\/\/www.lakal.de\/fr\/wp-json\/wp\/v2\/comments?post=6476"}],"version-history":[{"count":5,"href":"https:\/\/www.lakal.de\/fr\/wp-json\/wp\/v2\/pages\/6476\/revisions"}],"predecessor-version":[{"id":8179,"href":"https:\/\/www.lakal.de\/fr\/wp-json\/wp\/v2\/pages\/6476\/revisions\/8179"}],"up":[{"embeddable":true,"href":"https:\/\/www.lakal.de\/fr\/wp-json\/wp\/v2\/pages\/6679"}],"wp:attachment":[{"href":"https:\/\/www.lakal.de\/fr\/wp-json\/wp\/v2\/media?parent=6476"}],"curies":[{"name":"wp","href":"https:\/\/api.w.org\/{rel}","templated":true}]}}