{"id":15764,"date":"2025-11-18T18:02:54","date_gmt":"2025-11-18T17:02:54","guid":{"rendered":"https:\/\/www.lakal.de\/enregistrement-des-utilisateurs-fr\/"},"modified":"2026-04-08T08:54:01","modified_gmt":"2026-04-08T06:54:01","slug":"enregistrement-des-utilisateurs-fr","status":"publish","type":"page","link":"https:\/\/www.lakal.de\/fr\/enregistrement-des-utilisateurs-fr\/","title":{"rendered":"Enregistrement des utilisateurs (FR)"},"content":{"rendered":"<script>\nvar gform;gform||(document.addEventListener(\"gform_main_scripts_loaded\",function(){gform.scriptsLoaded=!0}),document.addEventListener(\"gform\/theme\/scripts_loaded\",function(){gform.themeScriptsLoaded=!0}),window.addEventListener(\"DOMContentLoaded\",function(){gform.domLoaded=!0}),gform={domLoaded:!1,scriptsLoaded:!1,themeScriptsLoaded:!1,isFormEditor:()=>\"function\"==typeof InitializeEditor,callIfLoaded:function(o){return!(!gform.domLoaded||!gform.scriptsLoaded||!gform.themeScriptsLoaded&&!gform.isFormEditor()||(gform.isFormEditor()&&console.warn(\"The use of gform.initializeOnLoaded() is deprecated in the form editor context and will be removed in Gravity Forms 3.1.\"),o(),0))},initializeOnLoaded:function(o){gform.callIfLoaded(o)||(document.addEventListener(\"gform_main_scripts_loaded\",()=>{gform.scriptsLoaded=!0,gform.callIfLoaded(o)}),document.addEventListener(\"gform\/theme\/scripts_loaded\",()=>{gform.themeScriptsLoaded=!0,gform.callIfLoaded(o)}),window.addEventListener(\"DOMContentLoaded\",()=>{gform.domLoaded=!0,gform.callIfLoaded(o)}))},hooks:{action:{},filter:{}},addAction:function(o,r,e,t){gform.addHook(\"action\",o,r,e,t)},addFilter:function(o,r,e,t){gform.addHook(\"filter\",o,r,e,t)},doAction:function(o){gform.doHook(\"action\",o,arguments)},applyFilters:function(o){return gform.doHook(\"filter\",o,arguments)},removeAction:function(o,r){gform.removeHook(\"action\",o,r)},removeFilter:function(o,r,e){gform.removeHook(\"filter\",o,r,e)},addHook:function(o,r,e,t,n){null==gform.hooks[o][r]&&(gform.hooks[o][r]=[]);var d=gform.hooks[o][r];null==n&&(n=r+\"_\"+d.length),gform.hooks[o][r].push({tag:n,callable:e,priority:t=null==t?10:t})},doHook:function(r,o,e){var t;if(e=Array.prototype.slice.call(e,1),null!=gform.hooks[r][o]&&((o=gform.hooks[r][o]).sort(function(o,r){return o.priority-r.priority}),o.forEach(function(o){\"function\"!=typeof(t=o.callable)&&(t=window[t]),\"action\"==r?t.apply(null,e):e[0]=t.apply(null,e)})),\"filter\"==r)return e[0]},removeHook:function(o,r,t,n){var e;null!=gform.hooks[o][r]&&(e=(e=gform.hooks[o][r]).filter(function(o,r,e){return!!(null!=n&&n!=o.tag||null!=t&&t!=o.priority)}),gform.hooks[o][r]=e)}});\n<\/script>\n\n                <div class='gf_browser_gecko gform_wrapper gravity-theme gform-theme--no-framework' data-form-theme='gravity-theme' data-form-index='0' id='gform_wrapper_35' >\n                        <div class='gform_heading'>\n                            <h2 class=\"gform_title\">Inscription des utilisateurs<\/h2>\n                            <p class='gform_description'><\/p>\n\t\t\t\t\t\t\t<p class='gform_required_legend'>\u00ab\u00a0<span class=\"gfield_required gfield_required_asterisk\">*<\/span>\u00a0\u00bb indique les champs n\u00e9cessaires<\/p>\n                        <\/div><form method='post' enctype='multipart\/form-data'  id='gform_35'  action='\/fr\/wp-json\/wp\/v2\/pages\/15764' data-formid='35' novalidate>\n                        <div class='gform-body gform_body'><div id='gform_fields_35' class='gform_fields top_label form_sublabel_below description_below validation_below'><div id=\"field_35_1\" class=\"gfield gfield--type-select gfield--input-type-select gfield_contains_required field_sublabel_below gfield--no-description field_description_below field_validation_below gfield_visibility_visible\"  ><label class='gfield_label gform-field-label' for='input_35_1'>Salutation<span class=\"gfield_required\"><span class=\"gfield_required gfield_required_asterisk\">*<\/span><\/span><\/label><div class='ginput_container ginput_container_select'><select name='input_1' id='input_35_1' class='medium gfield_select'    aria-required=\"true\" aria-invalid=\"false\" ><option value='Monsieur' >Monsieur<\/option><option value='Madame' >Madame<\/option><\/select><\/div><\/div><div id=\"field_35_3\" class=\"gfield gfield--type-text gfield--input-type-text gfield--width-half gfield_contains_required field_sublabel_below gfield--no-description field_description_below field_validation_below gfield_visibility_visible\"  ><label class='gfield_label gform-field-label' for='input_35_3'>Pr\u00e9nom<span class=\"gfield_required\"><span class=\"gfield_required gfield_required_asterisk\">*<\/span><\/span><\/label><div class='ginput_container ginput_container_text'><input name='input_3' id='input_35_3' type='text' value='' class='large'     aria-required=\"true\" aria-invalid=\"false\"   \/><\/div><\/div><div id=\"field_35_4\" class=\"gfield gfield--type-text gfield--input-type-text gfield--width-half gfield_contains_required field_sublabel_below gfield--no-description field_description_below field_validation_below gfield_visibility_visible\"  ><label class='gfield_label gform-field-label' for='input_35_4'>Nom de famille<span class=\"gfield_required\"><span class=\"gfield_required gfield_required_asterisk\">*<\/span><\/span><\/label><div class='ginput_container ginput_container_text'><input name='input_4' id='input_35_4' type='text' value='' class='large'     aria-required=\"true\" aria-invalid=\"false\"   \/><\/div><\/div><div id=\"field_35_5\" class=\"gfield gfield--type-text gfield--input-type-text gfield--width-half gfield_contains_required field_sublabel_below gfield--no-description field_description_below field_validation_below gfield_visibility_visible\"  ><label class='gfield_label gform-field-label' for='input_35_5'>Entreprise<span class=\"gfield_required\"><span class=\"gfield_required gfield_required_asterisk\">*<\/span><\/span><\/label><div class='ginput_container ginput_container_text'><input name='input_5' id='input_35_5' type='text' value='' class='large'     aria-required=\"true\" aria-invalid=\"false\"   \/><\/div><\/div><div id=\"field_35_6\" class=\"gfield gfield--type-select gfield--input-type-select gfield--width-half gfield_contains_required field_sublabel_below gfield--no-description field_description_below field_validation_below gfield_visibility_visible\"  ><label class='gfield_label gform-field-label' for='input_35_6'>Pays<span class=\"gfield_required\"><span class=\"gfield_required gfield_required_asterisk\">*<\/span><\/span><\/label><div class='ginput_container ginput_container_select'><select name='input_6' id='input_35_6' class='large gfield_select'    aria-required=\"true\" aria-invalid=\"false\" ><option value='Allemagne' >Allemagne<\/option><option value='Autriche' >Autriche<\/option><option value='Suisse' >Suisse<\/option><option value='France' >France<\/option><option value='Belgique' >Belgique<\/option><option value='Luxembourg' >Luxembourg<\/option><\/select><\/div><\/div><div id=\"field_35_7\" class=\"gfield gfield--type-select gfield--input-type-select field_sublabel_below gfield--no-description field_description_below field_validation_below gfield_visibility_visible\"  ><label class='gfield_label gform-field-label' for='input_35_7'>Vendeur FR<\/label><div class='ginput_container ginput_container_select'><select name='input_7' id='input_35_7' class='large gfield_select'     aria-invalid=\"false\" ><option value='S\u00e9lectionnez votre responsable commercial' >S\u00e9lectionnez votre responsable commercial<\/option><option value='15798' >Alan Esnault<\/option><option value='8466' >Arthur Thieulent<\/option><option value='8467' >C\u00e9dric Rotard<\/option><option value='8520' >Christophe Hadrot.<\/option><option value='8469' >David S\u00e9gura<\/option><option value='8471' >Dominique Leray<\/option><option value='8473' >Raphael Helbringer<\/option><option value='8474' >R\u00e9mi Lopes<\/option><option value='13217' >Sofian Corda<\/option><option value='7767' >Stephan Vescovi<\/option><option value='8497' >Stephane Adam<\/option><option value='8498' >Stephane Lepine<\/option><option value='8499' >Thierry Garcia<\/option><option value='8500' >Thomas Brunet<\/option><option value='7780' >Tiago Antunes<\/option><option value='8509' >Yanick Moulin<\/option><\/select><\/div><\/div><div id=\"field_35_8\" class=\"gfield gfield--type-post_custom_field gfield--input-type-text gfield_contains_required field_sublabel_below gfield--no-description field_description_below field_validation_below gfield_visibility_visible\"  ><label class='gfield_label gform-field-label' for='input_35_8'>Num\u00e9ro de client<span class=\"gfield_required\"><span class=\"gfield_required gfield_required_asterisk\">*<\/span><\/span><\/label><div class='ginput_container ginput_container_text'><input name='input_8' id='input_35_8' type='text' value='' class='large'     aria-required=\"true\" aria-invalid=\"false\"   \/><\/div><\/div><div id=\"field_35_9\" class=\"gfield gfield--type-email gfield--input-type-email gfield_contains_required field_sublabel_below gfield--no-description field_description_below field_validation_below gfield_visibility_visible\"  ><label class='gfield_label gform-field-label' for='input_35_9'>E-Mail<span class=\"gfield_required\"><span class=\"gfield_required gfield_required_asterisk\">*<\/span><\/span><\/label><div class='ginput_container ginput_container_email'>\n                            <input name='input_9' id='input_35_9' type='email' value='' class='large'    aria-required=\"true\" aria-invalid=\"false\"  \/>\n                        <\/div><\/div><div id=\"field_35_10\" class=\"gfield gfield--type-phone gfield--input-type-phone gfield_contains_required field_sublabel_below gfield--no-description field_description_below field_validation_below gfield_visibility_visible\"  ><label class='gfield_label gform-field-label' for='input_35_10'>Num\u00e9ro de t\u00e9l\u00e9phone<span class=\"gfield_required\"><span class=\"gfield_required gfield_required_asterisk\">*<\/span><\/span><\/label><div class='ginput_container ginput_container_phone'><input name='input_10' id='input_35_10' type='tel' value='' class='large'   aria-required=\"true\" aria-invalid=\"false\"   \/><\/div><\/div><fieldset id=\"field_35_11\" class=\"gfield gfield--type-consent gfield--type-choice gfield--input-type-consent gfield_contains_required field_sublabel_below gfield--no-description field_description_below field_validation_below gfield_visibility_visible\"  ><legend class='gfield_label gform-field-label gfield_label_before_complex' >Consentement<span class=\"gfield_required\"><span class=\"gfield_required gfield_required_asterisk\">*<\/span><\/span><\/legend><div class='ginput_container ginput_container_consent'><input name='input_11.1' id='input_35_11_1' type='checkbox' value='1'   aria-required=\"true\" aria-invalid=\"false\"   \/> <label class=\"gform-field-label gform-field-label--type-inline gfield_consent_label\" for='input_35_11_1' >Oui, j&rsquo;ai lu la politique de confidentialit\u00e9 et j&rsquo;accepte le stockage et l&rsquo;utilisation de mes donn\u00e9es. Vos donn\u00e9es ne seront pas partag\u00e9es avec des tiers.<\/label><input type='hidden' name='input_11.2' value='Oui, j&#039;ai lu la politique de confidentialit\u00e9 et j&#039;accepte le stockage et l&#039;utilisation de mes donn\u00e9es. Vos donn\u00e9es ne seront pas partag\u00e9es avec des tiers.' class='gform_hidden' \/><input type='hidden' name='input_11.3' value='19' class='gform_hidden' \/><\/div><\/fieldset><\/div><\/div>\n        <div class='gform-footer gform_footer top_label'> <button\n\t\t\ttype=\"submit\"\n\t\t\tclass=\"gform_button custom-submit-button\"\n\t\t\tid=\"gform_submit_button_35\"\n\t\t\tonclick=\"gform.submission.handleButtonClick(this);\"\n\t\t\tdata-submission-type=\"submit\"\n\t\t><span>Soumettre l&#039;inscription<\/span><\/button> \n            <input type='hidden' class='gform_hidden' name='gform_submission_method' data-js='gform_submission_method_35' value='postback' \/>\n            <input type='hidden' class='gform_hidden' name='gform_theme' data-js='gform_theme_35' id='gform_theme_35' value='gravity-theme' \/>\n            <input type='hidden' class='gform_hidden' name='gform_style_settings' data-js='gform_style_settings_35' id='gform_style_settings_35' value='{&quot;inputPrimaryColor&quot;:&quot;#204ce5&quot;}' \/>\n            <input type='hidden' class='gform_hidden' name='is_submit_35' value='1' \/>\n            <input type='hidden' class='gform_hidden' name='gform_submit' value='35' \/>\n            \n            <input type='hidden' class='gform_hidden' name='gform_currency' data-currency='EUR' value='g8+DSxIN\/Lep6\/BnKxFtczVrkLE1Ft5BTuvC0jV8t\/RAqEfH67HRyrOA1\/DagqMZvM\/QUFKcdZuFuiamTSE2WmxMgC\/U5itga6kc4Mn50iJbqps=' \/>\n            <input type='hidden' class='gform_hidden' name='gform_unique_id' value='' \/>\n            <input type='hidden' class='gform_hidden' name='state_35' value='WyJ7XCIxXCI6W1wiMzM2NjVhNjMxOGU2ZDFiYzgyMTIzMzIyNTFhNzRiNTZcIixcImFjMzI0MjZlY2YyOTJmZDc5NzkxNTA3ODIzMGZkZDczXCJdLFwiNlwiOltcIjRiYzRkMDc2MDU3YTc2NzA1MmIzNDQ4YTU2ZGQ5ZDk5XCIsXCI3ZTkwZTkyOTU0MjA4YjllMWNlOTZjMTA0MjM3YTU4N1wiLFwiMjFiN2I0MDViYjViNTg4YmFhZDcwZmU5MmNkMGY2ZDJcIixcIjQwYzFmMjkwODFjMzI2YzRlMGI0OTdiOGNlMDcwMjQxXCIsXCIwOWYzZDIyYTE5YTUyNGJmYjQ2NzYxZmRlMDUyYzlmMlwiLFwiZGRhZTI3OTgyOGFlMTc4MWY1Nzk4NTRjNDZlODgwYWRcIl0sXCIxMS4xXCI6XCI2YTgyM2NkMzY1OWNjOTk3NzIzYThiZWExZGUzZjQwOVwiLFwiMTEuMlwiOlwiMDkwMzRkMmZkYjRmMTJiYzRlYjlkNDIyMzYwYzNmYTRcIixcIjExLjNcIjpcIjRhNTIzMDdmMjY2NmI0ZDc5NjgzZDI1ZjFiZDMzOGZhXCJ9IiwiZjFhZjZkODYxMmE2MzY4ZTQ4NmVlMDAyZDJlMjdmZTQiXQ==' \/>\n            <input type='hidden' autocomplete='off' class='gform_hidden' name='gform_target_page_number_35' id='gform_target_page_number_35' value='0' \/>\n            <input type='hidden' autocomplete='off' class='gform_hidden' name='gform_source_page_number_35' id='gform_source_page_number_35' value='1' \/>\n            <input type='hidden' name='gform_field_values' value='' \/>\n            \n        <\/div>\n                        <\/form>\n                        <\/div><script>\ngform.initializeOnLoaded( function() {gformInitSpinner( 35, 'https:\/\/www.lakal.de\/wp-content\/plugins\/gravityforms\/images\/spinner.svg', true );jQuery('#gform_ajax_frame_35').on('load',function(){var contents = jQuery(this).contents().find('*').html();var is_postback = contents.indexOf('GF_AJAX_POSTBACK') >= 0;if(!is_postback){return;}var form_content = jQuery(this).contents().find('#gform_wrapper_35');var is_confirmation = jQuery(this).contents().find('#gform_confirmation_wrapper_35').length > 0;var is_redirect = contents.indexOf('gformRedirect(){') >= 0;var is_form = form_content.length > 0 && ! is_redirect && ! is_confirmation;var mt = parseInt(jQuery('html').css('margin-top'), 10) + parseInt(jQuery('body').css('margin-top'), 10) + 100;if(is_form){jQuery('#gform_wrapper_35').html(form_content.html());if(form_content.hasClass('gform_validation_error')){jQuery('#gform_wrapper_35').addClass('gform_validation_error');} else {jQuery('#gform_wrapper_35').removeClass('gform_validation_error');}setTimeout( function() { \/* delay the scroll by 50 milliseconds to fix a bug in chrome *\/  }, 50 );if(window['gformInitDatepicker']) {gformInitDatepicker();}if(window['gformInitPriceFields']) {gformInitPriceFields();}var current_page = jQuery('#gform_source_page_number_35').val();gformInitSpinner( 35, 'https:\/\/www.lakal.de\/wp-content\/plugins\/gravityforms\/images\/spinner.svg', true );jQuery(document).trigger('gform_page_loaded', [35, current_page]);window['gf_submitting_35'] = false;}else if(!is_redirect){var confirmation_content = jQuery(this).contents().find('.GF_AJAX_POSTBACK').html();if(!confirmation_content){confirmation_content = contents;}jQuery('#gform_wrapper_35').replaceWith(confirmation_content);jQuery(document).trigger('gform_confirmation_loaded', [35]);window['gf_submitting_35'] = false;wp.a11y.speak(jQuery('#gform_confirmation_message_35').text());}else{jQuery('#gform_35').append(contents);if(window['gformRedirect']) {gformRedirect();}}jQuery(document).trigger(\"gform_pre_post_render\", [{ formId: \"35\", currentPage: \"current_page\", abort: function() { this.preventDefault(); } }]);        if (event && event.defaultPrevented) {                return;        }        const gformWrapperDiv = document.getElementById( \"gform_wrapper_35\" );        if ( gformWrapperDiv ) {            const visibilitySpan = document.createElement( \"span\" );            visibilitySpan.id = \"gform_visibility_test_35\";            gformWrapperDiv.insertAdjacentElement( \"afterend\", visibilitySpan );        }        const visibilityTestDiv = document.getElementById( \"gform_visibility_test_35\" );        let postRenderFired = false;        function triggerPostRender() {            if ( postRenderFired ) {                return;            }            postRenderFired = true;            gform.core.triggerPostRenderEvents( 35, current_page );            if ( visibilityTestDiv ) {                visibilityTestDiv.parentNode.removeChild( visibilityTestDiv );            }        }        function debounce( func, wait, immediate ) {            var timeout;            return function() {                var context = this, args = arguments;                var later = function() {                    timeout = null;                    if ( !immediate ) func.apply( context, args );                };                var callNow = immediate && !timeout;                clearTimeout( timeout );                timeout = setTimeout( later, wait );                if ( callNow ) func.apply( context, args );            };        }        const debouncedTriggerPostRender = debounce( function() {            triggerPostRender();        }, 200 );        if ( visibilityTestDiv && visibilityTestDiv.offsetParent === null ) {            const observer = new MutationObserver( ( mutations ) => {                mutations.forEach( ( mutation ) => {                    if ( mutation.type === 'attributes' && visibilityTestDiv.offsetParent !== null ) {                        debouncedTriggerPostRender();                        observer.disconnect();                    }                });            });            observer.observe( document.body, {                attributes: true,                childList: false,                subtree: true,                attributeFilter: [ 'style', 'class' ],            });        } else {            triggerPostRender();        }    } );} );\n<\/script>\n\n\n\n<div style=\"height:100px\" aria-hidden=\"true\" class=\"wp-block-spacer\"><\/div>\n\n\n\n<div style=\"height:100px\" aria-hidden=\"true\" class=\"wp-block-spacer\"><\/div>\n","protected":false},"excerpt":{"rendered":"","protected":false},"author":3,"featured_media":0,"parent":0,"menu_order":0,"comment_status":"closed","ping_status":"closed","template":"","meta":{"_acf_changed":false,"footnotes":""},"class_list":["post-15764","page","type-page","status-publish","hentry"],"acf":[],"_links":{"self":[{"href":"https:\/\/www.lakal.de\/fr\/wp-json\/wp\/v2\/pages\/15764","targetHints":{"allow":["GET"]}}],"collection":[{"href":"https:\/\/www.lakal.de\/fr\/wp-json\/wp\/v2\/pages"}],"about":[{"href":"https:\/\/www.lakal.de\/fr\/wp-json\/wp\/v2\/types\/page"}],"author":[{"embeddable":true,"href":"https:\/\/www.lakal.de\/fr\/wp-json\/wp\/v2\/users\/3"}],"replies":[{"embeddable":true,"href":"https:\/\/www.lakal.de\/fr\/wp-json\/wp\/v2\/comments?post=15764"}],"version-history":[{"count":2,"href":"https:\/\/www.lakal.de\/fr\/wp-json\/wp\/v2\/pages\/15764\/revisions"}],"predecessor-version":[{"id":15766,"href":"https:\/\/www.lakal.de\/fr\/wp-json\/wp\/v2\/pages\/15764\/revisions\/15766"}],"wp:attachment":[{"href":"https:\/\/www.lakal.de\/fr\/wp-json\/wp\/v2\/media?parent=15764"}],"curies":[{"name":"wp","href":"https:\/\/api.w.org\/{rel}","templated":true}]}}